{"id":1677,"date":"2022-05-29T11:27:31","date_gmt":"2022-05-29T09:27:31","guid":{"rendered":"https:\/\/hiphoto.de\/our-mission\/"},"modified":"2024-03-29T10:55:24","modified_gmt":"2024-03-29T09:55:24","slug":"our-mission","status":"publish","type":"page","link":"https:\/\/hiphoto.de\/de\/our-mission\/","title":{"rendered":"UNSERE MISSION"},"content":{"rendered":"\t\t<div data-elementor-type=\"wp-page\" data-elementor-id=\"1677\" class=\"elementor elementor-1677 elementor-32\" data-elementor-post-type=\"page\">\n\t\t\t\t\t\t<section class=\"elementor-section elementor-top-section elementor-element elementor-element-65fefceb elementor-section-full_width elementor-section-content-space-between elementor-reverse-mobile elementor-section-height-default elementor-section-height-default\" data-id=\"65fefceb\" data-element_type=\"section\" data-e-type=\"section\">\n\t\t\t\t\t\t<div class=\"elementor-container elementor-column-gap-no\">\n\t\t\t\t\t<div class=\"elementor-column elementor-col-50 elementor-top-column elementor-element elementor-element-4cdfb5b8\" data-id=\"4cdfb5b8\" data-element_type=\"column\" data-e-type=\"column\">\n\t\t\t<div class=\"elementor-widget-wrap elementor-element-populated\">\n\t\t\t\t\t\t<div class=\"elementor-element elementor-element-2f4f7dc0 elementor-widget elementor-widget-heading\" data-id=\"2f4f7dc0\" data-element_type=\"widget\" data-e-type=\"widget\" data-widget_type=\"heading.default\">\n\t\t\t\t<div class=\"elementor-widget-container\">\n\t\t\t\t\t<h1 class=\"elementor-heading-title elementor-size-default\">Unser <br>\nAuftrag<\/h1>\t\t\t\t<\/div>\n\t\t\t\t<\/div>\n\t\t\t\t<section class=\"elementor-section elementor-inner-section elementor-element elementor-element-634cd22a elementor-section-boxed elementor-section-height-default elementor-section-height-default\" data-id=\"634cd22a\" data-element_type=\"section\" data-e-type=\"section\">\n\t\t\t\t\t\t<div class=\"elementor-container elementor-column-gap-no\">\n\t\t\t\t\t<div class=\"elementor-column elementor-col-100 elementor-inner-column elementor-element elementor-element-4b05bc7a\" data-id=\"4b05bc7a\" data-element_type=\"column\" data-e-type=\"column\">\n\t\t\t<div class=\"elementor-widget-wrap elementor-element-populated\">\n\t\t\t\t\t\t<div class=\"elementor-element elementor-element-6478cd2d elementor-widget elementor-widget-heading\" data-id=\"6478cd2d\" data-element_type=\"widget\" data-e-type=\"widget\" data-widget_type=\"heading.default\">\n\t\t\t\t<div class=\"elementor-widget-container\">\n\t\t\t\t\t<h3 class=\"elementor-heading-title elementor-size-default\">Die KUNST DER FOTOGRAFIE<\/h3>\t\t\t\t<\/div>\n\t\t\t\t<\/div>\n\t\t\t\t<div class=\"elementor-element elementor-element-56cf4ce elementor-widget elementor-widget-text-editor\" data-id=\"56cf4ce\" data-element_type=\"widget\" data-e-type=\"widget\" data-widget_type=\"text-editor.default\">\n\t\t\t\t<div class=\"elementor-widget-container\">\n\t\t\t\t\t\t\t\t\tWir kombinieren Kunstfotografie mit den neuesten Trends, um ein zeitloses Bild von Ihnen einzufangen, das in einem Bruchteil einer Sekunde aufgenommen wurde, aber f\u00fcr immer Bestand haben kann.\n\nWir glauben, dass &#8222;Fotografie eine Liebesaff\u00e4re mit dem Leben ist&#8220;, deshalb gehen wir keine Kompromisse ein, um die sch\u00f6nsten Momente festzuhalten.\t\t\t\t\t\t\t\t<\/div>\n\t\t\t\t<\/div>\n\t\t\t\t\t<\/div>\n\t\t<\/div>\n\t\t\t\t\t<\/div>\n\t\t<\/section>\n\t\t\t\t\t<\/div>\n\t\t<\/div>\n\t\t\t\t<div class=\"elementor-column elementor-col-50 elementor-top-column elementor-element elementor-element-edb20ad\" data-id=\"edb20ad\" data-element_type=\"column\" data-e-type=\"column\">\n\t\t\t<div class=\"elementor-widget-wrap elementor-element-populated\">\n\t\t\t\t\t\t<div class=\"elementor-element elementor-element-2af92af3 elementor-widget__width-initial elementor-widget-tablet__width-initial elementor-widget-mobile__width-initial elementor-invisible elementor-widget elementor-widget-image\" data-id=\"2af92af3\" data-element_type=\"widget\" data-e-type=\"widget\" data-settings=\"{&quot;_animation&quot;:&quot;fadeInLeft&quot;,&quot;_animation_mobile&quot;:&quot;none&quot;}\" data-widget_type=\"image.default\">\n\t\t\t\t<div class=\"elementor-widget-container\">\n\t\t\t\t\t\t\t\t\t\t\t\t\t\t\t<img fetchpriority=\"high\" decoding=\"async\" width=\"2138\" height=\"2560\" src=\"https:\/\/hiphoto.de\/wp-content\/uploads\/2022\/06\/shutterstock_1632488098-3-scaled.jpg\" class=\"attachment-full size-full wp-image-1526\" alt=\"\" srcset=\"https:\/\/hiphoto.de\/wp-content\/uploads\/2022\/06\/shutterstock_1632488098-3-scaled.jpg 2138w, https:\/\/hiphoto.de\/wp-content\/uploads\/2022\/06\/shutterstock_1632488098-3-251x300.jpg 251w, https:\/\/hiphoto.de\/wp-content\/uploads\/2022\/06\/shutterstock_1632488098-3-855x1024.jpg 855w, https:\/\/hiphoto.de\/wp-content\/uploads\/2022\/06\/shutterstock_1632488098-3-768x920.jpg 768w, https:\/\/hiphoto.de\/wp-content\/uploads\/2022\/06\/shutterstock_1632488098-3-1283x1536.jpg 1283w, https:\/\/hiphoto.de\/wp-content\/uploads\/2022\/06\/shutterstock_1632488098-3-1710x2048.jpg 1710w\" sizes=\"(max-width: 2138px) 100vw, 2138px\" \/>\t\t\t\t\t\t\t\t\t\t\t\t\t\t\t<\/div>\n\t\t\t\t<\/div>\n\t\t\t\t\t<\/div>\n\t\t<\/div>\n\t\t\t\t\t<\/div>\n\t\t<\/section>\n\t\t\t\t<section class=\"elementor-section elementor-top-section elementor-element elementor-element-49c6ccf1 elementor-section-full_width elementor-section-height-min-height elementor-section-items-stretch elementor-section-content-middle elementor-section-height-default\" data-id=\"49c6ccf1\" data-element_type=\"section\" data-e-type=\"section\">\n\t\t\t\t\t\t<div class=\"elementor-container elementor-column-gap-no\">\n\t\t\t\t\t<div class=\"elementor-column elementor-col-50 elementor-top-column elementor-element elementor-element-3bdaec29\" data-id=\"3bdaec29\" data-element_type=\"column\" data-e-type=\"column\" data-settings=\"{&quot;background_background&quot;:&quot;classic&quot;}\">\n\t\t\t<div class=\"elementor-widget-wrap elementor-element-populated\">\n\t\t\t\t\t\t<div class=\"elementor-element elementor-element-3fb7d873 elementor-invisible elementor-widget elementor-widget-image\" data-id=\"3fb7d873\" data-element_type=\"widget\" data-e-type=\"widget\" data-settings=\"{&quot;_animation&quot;:&quot;fadeInUp&quot;}\" data-widget_type=\"image.default\">\n\t\t\t\t<div class=\"elementor-widget-container\">\n\t\t\t\t\t\t\t\t\t\t\t\t\t\t\t<img decoding=\"async\" width=\"2560\" height=\"2560\" src=\"https:\/\/hiphoto.de\/wp-content\/uploads\/2022\/06\/shutterstock_2097686098-2-scaled.jpg\" class=\"attachment-full size-full wp-image-1528\" alt=\"\" srcset=\"https:\/\/hiphoto.de\/wp-content\/uploads\/2022\/06\/shutterstock_2097686098-2-scaled.jpg 2560w, https:\/\/hiphoto.de\/wp-content\/uploads\/2022\/06\/shutterstock_2097686098-2-300x300.jpg 300w, https:\/\/hiphoto.de\/wp-content\/uploads\/2022\/06\/shutterstock_2097686098-2-1024x1024.jpg 1024w, https:\/\/hiphoto.de\/wp-content\/uploads\/2022\/06\/shutterstock_2097686098-2-150x150.jpg 150w, https:\/\/hiphoto.de\/wp-content\/uploads\/2022\/06\/shutterstock_2097686098-2-768x768.jpg 768w, https:\/\/hiphoto.de\/wp-content\/uploads\/2022\/06\/shutterstock_2097686098-2-1536x1536.jpg 1536w, https:\/\/hiphoto.de\/wp-content\/uploads\/2022\/06\/shutterstock_2097686098-2-2048x2048.jpg 2048w\" sizes=\"(max-width: 2560px) 100vw, 2560px\" \/>\t\t\t\t\t\t\t\t\t\t\t\t\t\t\t<\/div>\n\t\t\t\t<\/div>\n\t\t\t\t\t<\/div>\n\t\t<\/div>\n\t\t\t\t<div class=\"elementor-column elementor-col-50 elementor-top-column elementor-element elementor-element-2bae8f93\" data-id=\"2bae8f93\" data-element_type=\"column\" data-e-type=\"column\">\n\t\t\t<div class=\"elementor-widget-wrap elementor-element-populated\">\n\t\t\t\t\t\t<div class=\"elementor-element elementor-element-2e1430de elementor-widget elementor-widget-heading\" data-id=\"2e1430de\" data-element_type=\"widget\" data-e-type=\"widget\" data-widget_type=\"heading.default\">\n\t\t\t\t<div class=\"elementor-widget-container\">\n\t\t\t\t\t<h2 class=\"elementor-heading-title elementor-size-default\">Unser \nSTORy<\/h2>\t\t\t\t<\/div>\n\t\t\t\t<\/div>\n\t\t\t\t<div class=\"elementor-element elementor-element-b2e8ca8 elementor-widget__width-initial animated-slow elementor-invisible elementor-widget elementor-widget-text-editor\" data-id=\"b2e8ca8\" data-element_type=\"widget\" data-e-type=\"widget\" data-settings=\"{&quot;_animation&quot;:&quot;fadeIn&quot;}\" data-widget_type=\"text-editor.default\">\n\t\t\t\t<div class=\"elementor-widget-container\">\n\t\t\t\t\t\t\t\t\t<p>Mein Name ist Behzad Heidari, ich bin ein professioneller Fotograf \/ Kameramann, spezialisiert auf Kunst-, Mode-, Werbe-, Boudoir- und Portr\u00e4tfotografie. Ich glaube, dass jedes Bild eine Geschichte zu erz\u00e4hlen hat, und so genie\u00dfe ich die Momente meines Lebens, wenn ich in einem Bereich arbeite, der meine Leidenschaft ist.<\/p><p><span style=\"color: var( --e-global-color-text ); font-family: var( --e-global-typography-text-font-family ), Sans-serif; font-size: var( --e-global-typography-text-font-size ); font-style: var( --e-global-typography-text-font-style ); letter-spacing: var( --e-global-typography-text-letter-spacing ); text-transform: var( --e-global-typography-text-text-transform ); text-decoration: var( --e-global-typography-text-text-decoration ); background-color: var( --e-global-color-f3cfd47 );\">Vor f\u00fcnfzehn Jahren habe ich mit der professionellen Fotografie begonnen und seitdem viele Fotos gemacht. <\/span><\/p><p>Und jetzt, nach 20 Jahren, freue ich mich, Sie in meinem gro\u00dfz\u00fcgigen 400 Quadratmeter gro\u00dfen, 8m hohen Studio in Essen begr\u00fc\u00dfen zu d\u00fcrfen.<\/p>\t\t\t\t\t\t\t\t<\/div>\n\t\t\t\t<\/div>\n\t\t\t\t\t<\/div>\n\t\t<\/div>\n\t\t\t\t\t<\/div>\n\t\t<\/section>\n\t\t\t\t<section class=\"elementor-section elementor-top-section elementor-element elementor-element-23b20fe8 elementor-section-full_width elementor-section-height-min-height elementor-section-items-stretch elementor-section-content-bottom elementor-reverse-tablet elementor-reverse-mobile elementor-section-height-default\" data-id=\"23b20fe8\" data-element_type=\"section\" data-e-type=\"section\">\n\t\t\t\t\t\t<div class=\"elementor-container elementor-column-gap-no\">\n\t\t\t\t\t<div class=\"elementor-column elementor-col-50 elementor-top-column elementor-element elementor-element-5da57e82\" data-id=\"5da57e82\" data-element_type=\"column\" data-e-type=\"column\">\n\t\t\t<div class=\"elementor-widget-wrap elementor-element-populated\">\n\t\t\t\t\t\t<div class=\"elementor-element elementor-element-60d286c9 elementor-widget elementor-widget-heading\" data-id=\"60d286c9\" data-element_type=\"widget\" data-e-type=\"widget\" data-widget_type=\"heading.default\">\n\t\t\t\t<div class=\"elementor-widget-container\">\n\t\t\t\t\t<h2 class=\"elementor-heading-title elementor-size-default\">Verfolgen Sie die Geschichte<\/h2>\t\t\t\t<\/div>\n\t\t\t\t<\/div>\n\t\t\t\t<div class=\"elementor-element elementor-element-72459966 gallery-spacing-custom elementor-widget__width-auto elementor-widget-mobile__width-initial elementor-invisible elementor-widget elementor-widget-image-gallery\" data-id=\"72459966\" data-element_type=\"widget\" data-e-type=\"widget\" data-settings=\"{&quot;_animation&quot;:&quot;fadeInLeft&quot;,&quot;_animation_mobile&quot;:&quot;none&quot;}\" data-widget_type=\"image-gallery.default\">\n\t\t\t\t<div class=\"elementor-widget-container\">\n\t\t\t\t\t\t\t<div class=\"elementor-image-gallery\">\n\t\t\t<div id='gallery-1' class='gallery galleryid-1677 gallery-columns-4 gallery-size-full'><figure class='gallery-item'>\n\t\t\t<div class='gallery-icon landscape'>\n\t\t\t\t<img decoding=\"async\" width=\"2560\" height=\"2560\" src=\"https:\/\/hiphoto.de\/wp-content\/uploads\/2022\/06\/shutterstock_297843242-scaled.jpg\" class=\"attachment-full size-full\" alt=\"\" srcset=\"https:\/\/hiphoto.de\/wp-content\/uploads\/2022\/06\/shutterstock_297843242-scaled.jpg 2560w, https:\/\/hiphoto.de\/wp-content\/uploads\/2022\/06\/shutterstock_297843242-300x300.jpg 300w, https:\/\/hiphoto.de\/wp-content\/uploads\/2022\/06\/shutterstock_297843242-1024x1024.jpg 1024w, https:\/\/hiphoto.de\/wp-content\/uploads\/2022\/06\/shutterstock_297843242-150x150.jpg 150w, https:\/\/hiphoto.de\/wp-content\/uploads\/2022\/06\/shutterstock_297843242-768x768.jpg 768w, https:\/\/hiphoto.de\/wp-content\/uploads\/2022\/06\/shutterstock_297843242-1536x1536.jpg 1536w, https:\/\/hiphoto.de\/wp-content\/uploads\/2022\/06\/shutterstock_297843242-2048x2048.jpg 2048w\" sizes=\"(max-width: 2560px) 100vw, 2560px\" \/>\n\t\t\t<\/div><\/figure><figure class='gallery-item'>\n\t\t\t<div class='gallery-icon landscape'>\n\t\t\t\t<img loading=\"lazy\" decoding=\"async\" width=\"2560\" height=\"2560\" src=\"https:\/\/hiphoto.de\/wp-content\/uploads\/2022\/06\/shutterstock_262591832-scaled.jpg\" class=\"attachment-full size-full\" alt=\"\" srcset=\"https:\/\/hiphoto.de\/wp-content\/uploads\/2022\/06\/shutterstock_262591832-scaled.jpg 2560w, https:\/\/hiphoto.de\/wp-content\/uploads\/2022\/06\/shutterstock_262591832-300x300.jpg 300w, https:\/\/hiphoto.de\/wp-content\/uploads\/2022\/06\/shutterstock_262591832-1024x1024.jpg 1024w, https:\/\/hiphoto.de\/wp-content\/uploads\/2022\/06\/shutterstock_262591832-150x150.jpg 150w, https:\/\/hiphoto.de\/wp-content\/uploads\/2022\/06\/shutterstock_262591832-768x768.jpg 768w, https:\/\/hiphoto.de\/wp-content\/uploads\/2022\/06\/shutterstock_262591832-1536x1536.jpg 1536w, https:\/\/hiphoto.de\/wp-content\/uploads\/2022\/06\/shutterstock_262591832-2048x2048.jpg 2048w\" sizes=\"(max-width: 2560px) 100vw, 2560px\" \/>\n\t\t\t<\/div><\/figure><figure class='gallery-item'>\n\t\t\t<div class='gallery-icon landscape'>\n\t\t\t\t<img loading=\"lazy\" decoding=\"async\" width=\"2500\" height=\"2500\" src=\"https:\/\/hiphoto.de\/wp-content\/uploads\/2022\/06\/shutterstock_317589674.jpg\" class=\"attachment-full size-full\" alt=\"\" srcset=\"https:\/\/hiphoto.de\/wp-content\/uploads\/2022\/06\/shutterstock_317589674.jpg 2500w, https:\/\/hiphoto.de\/wp-content\/uploads\/2022\/06\/shutterstock_317589674-300x300.jpg 300w, https:\/\/hiphoto.de\/wp-content\/uploads\/2022\/06\/shutterstock_317589674-1024x1024.jpg 1024w, https:\/\/hiphoto.de\/wp-content\/uploads\/2022\/06\/shutterstock_317589674-150x150.jpg 150w, https:\/\/hiphoto.de\/wp-content\/uploads\/2022\/06\/shutterstock_317589674-768x768.jpg 768w, https:\/\/hiphoto.de\/wp-content\/uploads\/2022\/06\/shutterstock_317589674-1536x1536.jpg 1536w, https:\/\/hiphoto.de\/wp-content\/uploads\/2022\/06\/shutterstock_317589674-2048x2048.jpg 2048w\" sizes=\"(max-width: 2500px) 100vw, 2500px\" \/>\n\t\t\t<\/div><\/figure><figure class='gallery-item'>\n\t\t\t<div class='gallery-icon landscape'>\n\t\t\t\t<img loading=\"lazy\" decoding=\"async\" width=\"2000\" height=\"2000\" src=\"https:\/\/hiphoto.de\/wp-content\/uploads\/2022\/06\/shutterstock_481824559.jpg\" class=\"attachment-full size-full\" alt=\"\" srcset=\"https:\/\/hiphoto.de\/wp-content\/uploads\/2022\/06\/shutterstock_481824559.jpg 2000w, https:\/\/hiphoto.de\/wp-content\/uploads\/2022\/06\/shutterstock_481824559-300x300.jpg 300w, https:\/\/hiphoto.de\/wp-content\/uploads\/2022\/06\/shutterstock_481824559-1024x1024.jpg 1024w, https:\/\/hiphoto.de\/wp-content\/uploads\/2022\/06\/shutterstock_481824559-150x150.jpg 150w, https:\/\/hiphoto.de\/wp-content\/uploads\/2022\/06\/shutterstock_481824559-768x768.jpg 768w, https:\/\/hiphoto.de\/wp-content\/uploads\/2022\/06\/shutterstock_481824559-1536x1536.jpg 1536w\" sizes=\"(max-width: 2000px) 100vw, 2000px\" \/>\n\t\t\t<\/div><\/figure>\n\t\t<\/div>\n\t\t<\/div>\n\t\t\t\t\t\t<\/div>\n\t\t\t\t<\/div>\n\t\t\t\t<div class=\"elementor-element elementor-element-21f85716 elementor-icon-list--layout-inline elementor-list-item-link-full_width elementor-widget elementor-widget-icon-list\" data-id=\"21f85716\" data-element_type=\"widget\" data-e-type=\"widget\" data-widget_type=\"icon-list.default\">\n\t\t\t\t<div class=\"elementor-widget-container\">\n\t\t\t\t\t\t\t<ul class=\"elementor-icon-list-items elementor-inline-items\">\n\t\t\t\t\t\t\t<li class=\"elementor-icon-list-item elementor-inline-item\">\n\t\t\t\t\t\t\t\t\t\t\t<a href=\"#\">\n\n\t\t\t\t\t\t\t\t\t\t\t<span class=\"elementor-icon-list-text\">Instagram <\/span>\n\t\t\t\t\t\t\t\t\t\t\t<\/a>\n\t\t\t\t\t\t\t\t\t<\/li>\n\t\t\t\t\t\t\t\t<li class=\"elementor-icon-list-item elementor-inline-item\">\n\t\t\t\t\t\t\t\t\t\t\t<a href=\"#\">\n\n\t\t\t\t\t\t\t\t\t\t\t<span class=\"elementor-icon-list-text\">twitter<\/span>\n\t\t\t\t\t\t\t\t\t\t\t<\/a>\n\t\t\t\t\t\t\t\t\t<\/li>\n\t\t\t\t\t\t\t\t<li class=\"elementor-icon-list-item elementor-inline-item\">\n\t\t\t\t\t\t\t\t\t\t\t<a href=\"#\">\n\n\t\t\t\t\t\t\t\t\t\t\t<span class=\"elementor-icon-list-text\">facebook<\/span>\n\t\t\t\t\t\t\t\t\t\t\t<\/a>\n\t\t\t\t\t\t\t\t\t<\/li>\n\t\t\t\t\t\t<\/ul>\n\t\t\t\t\t\t<\/div>\n\t\t\t\t<\/div>\n\t\t\t\t<div class=\"elementor-element elementor-element-120c833d elementor-widget elementor-widget-heading\" data-id=\"120c833d\" data-element_type=\"widget\" data-e-type=\"widget\" data-widget_type=\"heading.default\">\n\t\t\t\t<div class=\"elementor-widget-container\">\n\t\t\t\t\t<h1 class=\"elementor-heading-title elementor-size-default\">Hi<br>Photo<\/h1>\t\t\t\t<\/div>\n\t\t\t\t<\/div>\n\t\t\t\t\t<\/div>\n\t\t<\/div>\n\t\t\t\t<div class=\"elementor-column elementor-col-50 elementor-top-column elementor-element elementor-element-4b2c573b\" data-id=\"4b2c573b\" data-element_type=\"column\" data-e-type=\"column\" data-settings=\"{&quot;background_background&quot;:&quot;classic&quot;}\">\n\t\t\t<div class=\"elementor-widget-wrap elementor-element-populated\">\n\t\t\t\t\t\t<div class=\"elementor-element elementor-element-269fd93e elementor-widget elementor-widget-spacer\" data-id=\"269fd93e\" data-element_type=\"widget\" data-e-type=\"widget\" data-widget_type=\"spacer.default\">\n\t\t\t\t<div class=\"elementor-widget-container\">\n\t\t\t\t\t\t\t<div class=\"elementor-spacer\">\n\t\t\t<div class=\"elementor-spacer-inner\"><\/div>\n\t\t<\/div>\n\t\t\t\t\t\t<\/div>\n\t\t\t\t<\/div>\n\t\t\t\t\t<\/div>\n\t\t<\/div>\n\t\t\t\t\t<\/div>\n\t\t<\/section>\n\t\t\t\t<\/div>\n\t\t","protected":false},"excerpt":{"rendered":"<p>Unser Auftrag Die KUNST DER FOTOGRAFIE Wir kombinieren Kunstfotografie mit den neuesten Trends, um ein zeitloses Bild von Ihnen einzufangen, das in einem Bruchteil einer Sekunde aufgenommen wurde, aber f\u00fcr immer Bestand haben kann. Wir glauben, dass &#8222;Fotografie eine Liebesaff\u00e4re mit dem Leben ist&#8220;, deshalb gehen wir keine Kompromisse ein, um die sch\u00f6nsten Momente festzuhalten. [&hellip;]<\/p>\n","protected":false},"author":1,"featured_media":0,"parent":0,"menu_order":0,"comment_status":"closed","ping_status":"closed","template":"elementor_header_footer","meta":{"footnotes":""},"class_list":["post-1677","page","type-page","status-publish","hentry"],"_links":{"self":[{"href":"https:\/\/hiphoto.de\/de\/wp-json\/wp\/v2\/pages\/1677","targetHints":{"allow":["GET"]}}],"collection":[{"href":"https:\/\/hiphoto.de\/de\/wp-json\/wp\/v2\/pages"}],"about":[{"href":"https:\/\/hiphoto.de\/de\/wp-json\/wp\/v2\/types\/page"}],"author":[{"embeddable":true,"href":"https:\/\/hiphoto.de\/de\/wp-json\/wp\/v2\/users\/1"}],"replies":[{"embeddable":true,"href":"https:\/\/hiphoto.de\/de\/wp-json\/wp\/v2\/comments?post=1677"}],"version-history":[{"count":5,"href":"https:\/\/hiphoto.de\/de\/wp-json\/wp\/v2\/pages\/1677\/revisions"}],"predecessor-version":[{"id":1726,"href":"https:\/\/hiphoto.de\/de\/wp-json\/wp\/v2\/pages\/1677\/revisions\/1726"}],"wp:attachment":[{"href":"https:\/\/hiphoto.de\/de\/wp-json\/wp\/v2\/media?parent=1677"}],"curies":[{"name":"wp","href":"https:\/\/api.w.org\/{rel}","templated":true}]}}